{"id":22192,"date":"2025-10-09T14:59:37","date_gmt":"2025-10-09T14:59:37","guid":{"rendered":"https:\/\/chosecommune.com\/?post_type=product&#038;p=22192"},"modified":"2026-01-21T15:26:05","modified_gmt":"2026-01-21T15:26:05","slug":"suu-tirage-de-tete","status":"publish","type":"product","link":"https:\/\/chosecommune.com\/fr\/produit\/suu-tirage-de-tete","title":{"rendered":"s\u00fc\u00fc &#8211; Tirage de t\u00eate"},"content":{"rendered":"","protected":false},"excerpt":{"rendered":"","protected":false},"featured_media":22201,"comment_status":"closed","ping_status":"closed","template":"","meta":[],"product_cat":[313],"product_tag":[],"class_list":["post-22192","product","type-product","status-publish","has-post-thumbnail","hentry","product_cat-voyage"],"_links":{"self":[{"href":"https:\/\/chosecommune.com\/fr\/wp-json\/wp\/v2\/product\/22192","targetHints":{"allow":["GET"]}}],"collection":[{"href":"https:\/\/chosecommune.com\/fr\/wp-json\/wp\/v2\/product"}],"about":[{"href":"https:\/\/chosecommune.com\/fr\/wp-json\/wp\/v2\/types\/product"}],"replies":[{"embeddable":true,"href":"https:\/\/chosecommune.com\/fr\/wp-json\/wp\/v2\/comments?post=22192"}],"wp:featuredmedia":[{"embeddable":true,"href":"https:\/\/chosecommune.com\/fr\/wp-json\/wp\/v2\/media\/22201"}],"wp:attachment":[{"href":"https:\/\/chosecommune.com\/fr\/wp-json\/wp\/v2\/media?parent=22192"}],"wp:term":[{"taxonomy":"product_cat","embeddable":true,"href":"https:\/\/chosecommune.com\/fr\/wp-json\/wp\/v2\/product_cat?post=22192"},{"taxonomy":"product_tag","embeddable":true,"href":"https:\/\/chosecommune.com\/fr\/wp-json\/wp\/v2\/product_tag?post=22192"}],"curies":[{"name":"wp","href":"https:\/\/api.w.org\/{rel}","templated":true}]}}