{"id":657,"date":"2016-03-10T17:01:12","date_gmt":"2016-03-10T17:01:12","guid":{"rendered":"http:\/\/tst.chosecommune.com\/contact-2\/?lang=fr"},"modified":"2025-04-10T13:56:08","modified_gmt":"2025-04-10T13:56:08","slug":"contact","status":"publish","type":"page","link":"https:\/\/chosecommune.com\/fr\/contact","title":{"rendered":"Contact"},"content":{"rendered":"<p>Co-fondatrice &amp; Directrice<br \/>\nC\u00e9cile Poimboeuf-Koizumi<\/p>\n<p>Responsable administratif &amp; communication<br \/>\nAgathe Seychal<br \/>\nagathe@chosecommune.com<\/p>\n<p>Demandes g\u00e9n\u00e9rales<br \/>\nstudio@chosecommune.com<\/p>\n<p>Commandes<br \/>\norders@chosecommune.com<\/p>\n<p>Presse<br \/>\npress@chosecommune.com<\/p>\n<p>Nous n&#8217;acceptons pas de maquettes de livres. Nous sommes toutefois toujours curieux de d\u00e9couvrir de nouveaux travaux, n&#8217;h\u00e9sitez pas \u00e0 envoyer des images ou nous tenir au courant si vous avez une exposition.<\/p>\n<p>32, rue de Bruys<br \/>\n13005 Marseille<br \/>\nFrance<\/p>\n<p>&nbsp;<\/p>\n","protected":false},"excerpt":{"rendered":"<p>Co-fondatrice &amp; Directrice C\u00e9cile Poimboeuf-Koizumi Responsable administratif &amp; communication Agathe Seychal agathe@chosecommune.com Demandes g\u00e9n\u00e9rales studio@chosecommune.com Commandes orders@chosecommune.com Presse press@chosecommune.com Nous n&#8217;acceptons pas de maquettes de livres. Nous sommes toutefois toujours curieux de d\u00e9couvrir de nouveaux travaux, n&#8217;h\u00e9sitez pas \u00e0 envoyer des images ou nous tenir au courant si vous avez une exposition. 32, rue de [&hellip;]<\/p>\n","protected":false},"author":1,"featured_media":0,"parent":0,"menu_order":0,"comment_status":"closed","ping_status":"closed","template":"","meta":{"footnotes":""},"class_list":["post-657","page","type-page","status-publish","hentry"],"_links":{"self":[{"href":"https:\/\/chosecommune.com\/fr\/wp-json\/wp\/v2\/pages\/657","targetHints":{"allow":["GET"]}}],"collection":[{"href":"https:\/\/chosecommune.com\/fr\/wp-json\/wp\/v2\/pages"}],"about":[{"href":"https:\/\/chosecommune.com\/fr\/wp-json\/wp\/v2\/types\/page"}],"author":[{"embeddable":true,"href":"https:\/\/chosecommune.com\/fr\/wp-json\/wp\/v2\/users\/1"}],"replies":[{"embeddable":true,"href":"https:\/\/chosecommune.com\/fr\/wp-json\/wp\/v2\/comments?post=657"}],"version-history":[{"count":1,"href":"https:\/\/chosecommune.com\/fr\/wp-json\/wp\/v2\/pages\/657\/revisions"}],"predecessor-version":[{"id":20825,"href":"https:\/\/chosecommune.com\/fr\/wp-json\/wp\/v2\/pages\/657\/revisions\/20825"}],"wp:attachment":[{"href":"https:\/\/chosecommune.com\/fr\/wp-json\/wp\/v2\/media?parent=657"}],"curies":[{"name":"wp","href":"https:\/\/api.w.org\/{rel}","templated":true}]}}