{"id":646,"date":"2016-03-10T16:55:56","date_gmt":"2016-03-10T16:55:56","guid":{"rendered":"http:\/\/tst.chosecommune.com\/about\/?lang=fr"},"modified":"2025-01-23T13:34:53","modified_gmt":"2025-01-23T13:34:53","slug":"about","status":"publish","type":"page","link":"https:\/\/chosecommune.com\/fr\/about","title":{"rendered":"A propos"},"content":{"rendered":"<p>Chose Commune est une maison d\u2019\u00e9dition fran\u00e7aise bas\u00e9e \u00e0 Marseille, dirig\u00e9e par la co-fondatrice C\u00e9cile Poimb\u0153uf-Koizumi depuis sa cr\u00e9ation en 2014.<\/p>\n<p>Anim\u00e9s par la volont\u00e9 de d\u00e9couvrir \u2014 ou red\u00e9couvrir \u2014 des figures oubli\u00e9es ou encore inconnues de la sc\u00e8ne internationale, nous dessinons, \u00e9ditons et publions des livres d\u2019artistes dans les domaines de la photographie, des \u0153uvres sur papier et de la c\u00e9ramique.<\/p>\n<p>Chacun de nos livres est con\u00e7u dans l\u2019id\u00e9e d\u2019exister \u00ab seul \u00bb \u2014\u00a0 pens\u00e9s en \u00e9troite collaboration avec l\u2019artiste et toujours fa\u00e7onn\u00e9s avec attention, ils\u00a0 sont le fruit d\u2019une rencontre et d\u2019un travail de recherche ind\u00e9pendant, incarnant notre engagement \u00e0 soutenir et diffuser des travaux essentiels et singuliers.<\/p>\n","protected":false},"excerpt":{"rendered":"<p>Chose Commune est une maison d\u2019\u00e9dition fran\u00e7aise bas\u00e9e \u00e0 Marseille, dirig\u00e9e par la co-fondatrice C\u00e9cile Poimb\u0153uf-Koizumi depuis sa cr\u00e9ation en 2014. Anim\u00e9s par la volont\u00e9 de d\u00e9couvrir \u2014 ou red\u00e9couvrir \u2014 des figures oubli\u00e9es ou encore inconnues de la sc\u00e8ne internationale, nous dessinons, \u00e9ditons et publions des livres d\u2019artistes dans les domaines de la photographie, [&hellip;]<\/p>\n","protected":false},"author":1,"featured_media":0,"parent":0,"menu_order":0,"comment_status":"closed","ping_status":"closed","template":"","meta":{"footnotes":""},"class_list":["post-646","page","type-page","status-publish","hentry"],"_links":{"self":[{"href":"https:\/\/chosecommune.com\/fr\/wp-json\/wp\/v2\/pages\/646","targetHints":{"allow":["GET"]}}],"collection":[{"href":"https:\/\/chosecommune.com\/fr\/wp-json\/wp\/v2\/pages"}],"about":[{"href":"https:\/\/chosecommune.com\/fr\/wp-json\/wp\/v2\/types\/page"}],"author":[{"embeddable":true,"href":"https:\/\/chosecommune.com\/fr\/wp-json\/wp\/v2\/users\/1"}],"replies":[{"embeddable":true,"href":"https:\/\/chosecommune.com\/fr\/wp-json\/wp\/v2\/comments?post=646"}],"version-history":[{"count":2,"href":"https:\/\/chosecommune.com\/fr\/wp-json\/wp\/v2\/pages\/646\/revisions"}],"predecessor-version":[{"id":20337,"href":"https:\/\/chosecommune.com\/fr\/wp-json\/wp\/v2\/pages\/646\/revisions\/20337"}],"wp:attachment":[{"href":"https:\/\/chosecommune.com\/fr\/wp-json\/wp\/v2\/media?parent=646"}],"curies":[{"name":"wp","href":"https:\/\/api.w.org\/{rel}","templated":true}]}}