{"id":630,"date":"2016-03-10T15:24:40","date_gmt":"2016-03-10T15:24:40","guid":{"rendered":"http:\/\/tst.chosecommune.com\/legal-mentions\/?lang=fr"},"modified":"2025-01-28T11:10:16","modified_gmt":"2025-01-28T11:10:16","slug":"legal-mentions","status":"publish","type":"page","link":"https:\/\/chosecommune.com\/fr\/legal-mentions","title":{"rendered":"Mentions l\u00e9gales"},"content":{"rendered":"<h4>\u00c9DITEUR<\/h4>\n<p>Chose Commune, Soci\u00e9t\u00e9 \u00e0 Responsabilit\u00e9 Limit\u00e9e au capital de 3000\u20ac, dont le si\u00e8ge social est situ\u00e9 au 32, rue de Bruys, 13005 Marseille, enregistr\u00e9e au registre du commerce et des soci\u00e9t\u00e9s de Marseille sous le num\u00e9ro 819 616 053 R.C.S.<br \/>\nT\u00e9l\u00e9phone :\u00a0+33(0)1.82.07.07.59<br \/>\nSIRET:\u00a0819 616 053 00024<br \/>\nAPE:\u00a05811Z<\/p>\n<h4>H\u00c9BERGEUR<\/h4>\n<p>Le Site est h\u00e9berg\u00e9 par\u00a0 la soci\u00e9t\u00e9 <a href=\"http:\/\/34sp.com\" target=\"_blank\" rel=\"noopener\" data-saferedirecturl=\"https:\/\/www.google.com\/url?q=http:\/\/34sp.com&amp;source=gmail&amp;ust=1548776199144000&amp;usg=AFQjCNFR0NoTKGLVzzgY_7_LfU9dr4R07Q\">34sp.com<\/a>, inscrite en Grande-Bretagne sous le n\u00b04201170,dont le si\u00e8ge social est situ\u00e9 au 49 Bury Old Road, Prestwich, Manchester, M25 1PY.<\/p>\n<h4>CONVENTION<\/h4>\n<p>En acc\u00e9dant \u00e0 ce site, vous acceptez d&#8217;\u00eatre li\u00e9(e) par les termes et conditions de la pr\u00e9sente convention. Chose Commune s&#8217;efforce d&#8217;assurer au mieux l&#8217;exactitude et la mise \u00e0 jour du contenu disponible sur ce site et se r\u00e9serve le droit, \u00e0 tout moment, de modifier, d&#8217;interrompre temporairement ou de mani\u00e8re permanente tout ou partie du site, et ce, sans devoir vous en informer pr\u00e9alablement. Chose Commune met tout en \u0153uvre pour offrir aux utilisateurs des informations et\/ou outils disponibles et v\u00e9rifi\u00e9s, mais ne saurait \u00eatre tenue pour responsable des erreurs, d&#8217;une absence de disponibilit\u00e9 des informations et\/ou de la pr\u00e9sence de virus sur son site.<\/p>\n<h4>PROPRI\u00c9T\u00c9 INTELLECTUELLE<\/h4>\n<p>Le contenu du site est prot\u00e9g\u00e9 par le droit d&#8217;auteur. Toute reproduction totale ou partielle du contenu du site est interdite sans le consentement de l&#8217;auteur. A titre non exhaustif il est ainsi pr\u00e9cis\u00e9 que les signes distinctifs, marques, logos, graphismes, photographies, animations, vid\u00e9os et textes ainsi que les extraits sonores reproduits et repr\u00e9sent\u00e9s sur le site sont la propri\u00e9t\u00e9 intellectuelle de Chose Commune ou de ses partenaires et ne peuvent \u00eatre reproduits, utilis\u00e9s ou repr\u00e9sent\u00e9s sans l&#8217;autorisation express de Chose Commune ou de celle de ses partenaires, sous peine de poursuites judiciaires. Les utilisateurs garantissent qu&#8217;ils ne modifieront pas, ne loueront pas, ne pr\u00eateront pas, ne vendront pas, ou ne distribueront pas les \u0153uvres diffus\u00e9es sur le site www.chosecommune.com et qu&#8217;ils ne se serviront pas, de tout ou partie, de ce site notamment pour la r\u00e9alisation d&#8217;\u0153uvres d\u00e9riv\u00e9es.<\/p>\n<p><strong>CR\u00c9DIT PHOTO<br \/>\n<\/strong><\/p>\n<p>Andreas B.Krueger, HoTeng Chang, IGO et David Barrett pour les photographies des livres et objets.<\/p>\n<p><strong>CR\u00c9DIT DESSINS<\/strong><\/p>\n<p>Orfeo Tagiuri pour les dessins et ic\u00f4nes<\/p>\n<h4>CONCEPTION ET D\u00c9VELOPPEMENT<\/h4>\n<p>J\u00e9r\u00f4me Montagne<br \/>\ncontact@jeromem.net<\/p>\n","protected":false},"excerpt":{"rendered":"<p>\u00c9DITEUR Chose Commune, Soci\u00e9t\u00e9 \u00e0 Responsabilit\u00e9 Limit\u00e9e au capital de 3000\u20ac, dont le si\u00e8ge social est situ\u00e9 au 32, rue de Bruys, 13005 Marseille, enregistr\u00e9e au registre du commerce et des soci\u00e9t\u00e9s de Marseille sous le num\u00e9ro 819 616 053 R.C.S. T\u00e9l\u00e9phone :\u00a0+33(0)1.82.07.07.59 SIRET:\u00a0819 616 053 00024 APE:\u00a05811Z H\u00c9BERGEUR Le Site est h\u00e9berg\u00e9 par\u00a0 la [&hellip;]<\/p>\n","protected":false},"author":1,"featured_media":0,"parent":0,"menu_order":0,"comment_status":"closed","ping_status":"closed","template":"","meta":{"footnotes":""},"class_list":["post-630","page","type-page","status-publish","hentry"],"_links":{"self":[{"href":"https:\/\/chosecommune.com\/fr\/wp-json\/wp\/v2\/pages\/630","targetHints":{"allow":["GET"]}}],"collection":[{"href":"https:\/\/chosecommune.com\/fr\/wp-json\/wp\/v2\/pages"}],"about":[{"href":"https:\/\/chosecommune.com\/fr\/wp-json\/wp\/v2\/types\/page"}],"author":[{"embeddable":true,"href":"https:\/\/chosecommune.com\/fr\/wp-json\/wp\/v2\/users\/1"}],"replies":[{"embeddable":true,"href":"https:\/\/chosecommune.com\/fr\/wp-json\/wp\/v2\/comments?post=630"}],"version-history":[{"count":1,"href":"https:\/\/chosecommune.com\/fr\/wp-json\/wp\/v2\/pages\/630\/revisions"}],"predecessor-version":[{"id":20370,"href":"https:\/\/chosecommune.com\/fr\/wp-json\/wp\/v2\/pages\/630\/revisions\/20370"}],"wp:attachment":[{"href":"https:\/\/chosecommune.com\/fr\/wp-json\/wp\/v2\/media?parent=630"}],"curies":[{"name":"wp","href":"https:\/\/api.w.org\/{rel}","templated":true}]}}